{"id":579,"date":"2021-02-06T23:11:57","date_gmt":"2021-02-06T23:11:57","guid":{"rendered":"https:\/\/www.phm-gartenbau.de\/?page_id=579"},"modified":"2021-03-03T20:39:06","modified_gmt":"2021-03-03T20:39:06","slug":"pflanzbeet-gallerie","status":"publish","type":"page","link":"https:\/\/www.phm-gartenbau.de\/index.php\/pflanzbeet-gallerie\/","title":{"rendered":"Pflanzbeet Gallerie"},"content":{"rendered":"<div data-colibri-id=\"579-c1\" class=\"style-522 style-local-579-c1 position-relative\">\n  <!---->\n  <div data-colibri-component=\"section\" data-colibri-id=\"579-c2\" id=\"gallerie\" class=\"h-section h-section-global-spacing d-flex align-items-lg-center align-items-md-center align-items-center style-523 style-local-579-c2 position-relative\">\n    <!---->\n    <!---->\n    <div class=\"h-separator\" style=\"height: 1px; bottom: calc(0px);\">\n      <svg style=\"fill:rgb(8, 161, 66);transform:rotateX(180deg);\" xmlns=\"http:\/\/www.w3.org\/2000\/svg\" viewBox=\"0 0 1000 100\" preserveAspectRatio=\"none\">\n        <path class=\"svg-white-bg\" d=\"M500,98.9L0,6.1V0h1000v6.1L500,98.9z\"><\/path>\n      <\/svg>\n    <\/div>\n    <div class=\"h-section-grid-container h-section-boxed-container\">\n      <!---->\n      <div data-colibri-id=\"579-c3\" class=\"h-row-container gutters-row-lg-2 gutters-row-md-2 gutters-row-0 gutters-row-v-lg-2 gutters-row-v-md-2 gutters-row-v-2 style-524 style-local-579-c3 position-relative\">\n        <!---->\n        <div class=\"h-row justify-content-lg-center justify-content-md-center justify-content-center align-items-lg-stretch align-items-md-stretch align-items-stretch gutters-col-lg-2 gutters-col-md-2 gutters-col-0 gutters-col-v-lg-2 gutters-col-v-md-2 gutters-col-v-2\">\n          <!---->\n          <div class=\"h-column h-column-container d-flex h-col-lg-auto h-col-md-auto h-col-auto style-525-outer style-local-579-c4-outer\">\n            <div data-colibri-id=\"579-c4\" class=\"d-flex h-flex-basis h-column__inner h-px-lg-2 h-px-md-2 h-px-2 v-inner-lg-2 v-inner-md-2 v-inner-2 style-525 style-local-579-c4 position-relative\">\n              <!---->\n              <!---->\n              <div class=\"w-100 h-y-container h-column__content h-column__v-align flex-basis-100 align-self-lg-start align-self-md-start align-self-start\">\n                <!---->\n                <div data-colibri-id=\"579-c5\" class=\"h-text h-text-component style-526 style-local-579-c5 position-relative h-element\">\n                  <!---->\n                  <!---->\n                  <div class=\"\">\n                    <h3><span style=\"font-size: 150%; font-weight: 700;\">Pflanz- &amp; Hochbeete<\/span><\/h3>\n                  <\/div>\n                <\/div>\n              <\/div>\n            <\/div>\n          <\/div>\n        <\/div>\n      <\/div>\n    <\/div>\n  <\/div>\n  <div data-colibri-component=\"section\" data-colibri-id=\"579-c10\" id=\"custom\" class=\"h-section h-section-global-spacing d-flex align-items-lg-center align-items-md-center align-items-center style-595 style-local-579-c10 position-relative\">\n    <!---->\n    <!---->\n    <div class=\"h-separator\" style=\"height: 1px; bottom: calc(0px);\">\n      <svg style=\"fill:rgb(8, 161, 66);transform:rotateX(180deg);\" xmlns=\"http:\/\/www.w3.org\/2000\/svg\" viewBox=\"0 0 1000 100\" preserveAspectRatio=\"none\">\n        <path class=\"svg-white-bg\" d=\"M500,98.9L0,6.1V0h1000v6.1L500,98.9z\"><\/path>\n      <\/svg>\n    <\/div>\n    <div class=\"h-section-grid-container h-section-boxed-container\">\n      <!---->\n      <div data-colibri-id=\"579-c11\" class=\"h-row-container gutters-row-lg-2 gutters-row-md-2 gutters-row-0 gutters-row-v-lg-2 gutters-row-v-md-2 gutters-row-v-2 style-596 style-local-579-c11 position-relative\">\n        <!---->\n        <div class=\"h-row justify-content-lg-center justify-content-md-center justify-content-center align-items-lg-stretch align-items-md-stretch align-items-stretch gutters-col-lg-2 gutters-col-md-2 gutters-col-0 gutters-col-v-lg-2 gutters-col-v-md-2 gutters-col-v-2\">\n          <!---->\n          <div class=\"h-column h-column-container d-flex h-col-lg-auto h-col-md-auto h-col-auto style-597-outer style-local-579-c12-outer\">\n            <div data-colibri-id=\"579-c12\" class=\"d-flex h-flex-basis h-column__inner h-px-lg-2 h-px-md-2 h-px-2 v-inner-lg-2 v-inner-md-2 v-inner-2 style-597 style-local-579-c12 position-relative\">\n              <!---->\n              <!---->\n              <div class=\"w-100 h-y-container h-column__content h-column__v-align flex-basis-100 align-self-lg-start align-self-md-start align-self-start\">\n                <!---->\n                <div data-colibri-id=\"579-c14\" class=\"h-text h-text-component style-599 style-local-579-c14 position-relative h-element\">\n                  <!---->\n                  <!---->\n                  <div class=\"\">\n                    <p>&#8230;f\u00fcr Blumen optisch sch\u00f6n oder die Gem\u00fcsetheke hinterm Haus.<\/p>\n                  <\/div>\n                <\/div>\n              <\/div>\n            <\/div>\n          <\/div>\n        <\/div>\n      <\/div>\n    <\/div>\n  <\/div>\n  <div data-colibri-component=\"section\" data-colibri-id=\"579-c6\" id=\"gallerieinhalt\" class=\"h-section h-section-global-spacing d-flex align-items-lg-center align-items-md-center align-items-center style-527 style-local-579-c6 position-relative\">\n    <!---->\n    <!---->\n    <div class=\"h-section-grid-container h-section-boxed-container\">\n      <!---->\n      <div data-colibri-id=\"579-c7\" class=\"h-row-container gutters-row-lg-2 gutters-row-md-2 gutters-row-0 gutters-row-v-lg-2 gutters-row-v-md-2 gutters-row-v-2 style-528 style-local-579-c7 position-relative\">\n        <!---->\n        <div class=\"h-row justify-content-lg-center justify-content-md-center justify-content-center align-items-lg-stretch align-items-md-stretch align-items-stretch gutters-col-lg-2 gutters-col-md-2 gutters-col-0 gutters-col-v-lg-2 gutters-col-v-md-2 gutters-col-v-2\">\n          <!---->\n          <div class=\"h-column h-column-container d-flex h-col-lg-auto h-col-md-auto h-col-auto style-529-outer style-local-579-c8-outer\">\n            <div data-colibri-id=\"579-c8\" class=\"d-flex h-flex-basis h-column__inner h-px-lg-2 h-px-md-2 h-px-2 v-inner-lg-2 v-inner-md-2 v-inner-2 style-529 style-local-579-c8 position-relative\">\n              <!---->\n              <!---->\n              <div class=\"w-100 h-y-container h-column__content h-column__v-align flex-basis-100 align-self-lg-start align-self-md-start align-self-start\">\n                <!---->\n                <div data-colibri-component=\"masonry\" data-colibri-id=\"579-c9\" class=\"h-photo-gallery margin-none caption-none style-530 style-local-579-c9 position-relative h-element\">\n                  <!---->\n                  <div class=\"h-global-transition-all\"><div id='colibri-579-c9' class='gallery-wrapper'>    <style type=\"text\/css\">\n\n        @media (min-width: 1023px) {        #colibri-579-c9        dl {\n            float: left;\n            width: 20% !important;\n            max-width: 20% !important;\n            min-width: 20% !important;\n        }\n\n        #colibri-579-c9        dl:nth-of-type(5n +1 ) {\n            clear: both;\n        }\n\n        }@media (min-width: 768px) and (max-width: 1023px) {        #colibri-579-c9        dl {\n            float: left;\n            width: 20% !important;\n            max-width: 20% !important;\n            min-width: 20% !important;\n        }\n\n        #colibri-579-c9        dl:nth-of-type(5n +1 ) {\n            clear: both;\n        }\n\n        }@media (max-width: 767px) {        #colibri-579-c9        dl {\n            float: left;\n            width: 20% !important;\n            max-width: 20% !important;\n            min-width: 20% !important;\n        }\n\n        #colibri-579-c9        dl:nth-of-type(5n +1 ) {\n            clear: both;\n        }\n\n        }\n        #colibri-579-c9        .gallery-item {\n            position: relative;\n        }\n\n        \n    <\/style>\n    <div   class='colibri-579-c9-dls-wrapper gallery-items-wrapper' ><dl class='gallery-item masonry-item'>\n\t\t\t<dt class='gallery-icon landscape'>\n\t\t\t\t<a data-fancybox=\"colibri-579-c9-group\" href='https:\/\/www.phm-gartenbau.de\/wp-content\/uploads\/2021\/02\/IMG_9366_small-1.png'><img loading=\"lazy\" decoding=\"async\"  width=\"150\" height=\"150\" src=\"https:\/\/www.phm-gartenbau.de\/wp-content\/uploads\/2021\/02\/IMG_9366_small-1-150x150.png\"  class='colibri-579-c9-image' alt=\"\" \/><\/a>\n\t\t\t<\/dt><\/dl><dl class='gallery-item masonry-item'>\n\t\t\t<dt class='gallery-icon landscape'>\n\t\t\t\t<a data-fancybox=\"colibri-579-c9-group\" href='https:\/\/www.phm-gartenbau.de\/wp-content\/uploads\/2021\/02\/IMG_9377_small-1.png'><img loading=\"lazy\" decoding=\"async\"  width=\"150\" height=\"150\" src=\"https:\/\/www.phm-gartenbau.de\/wp-content\/uploads\/2021\/02\/IMG_9377_small-1-150x150.png\"  class='colibri-579-c9-image' alt=\"\" \/><\/a>\n\t\t\t<\/dt><\/dl><dl class='gallery-item masonry-item'>\n\t\t\t<dt class='gallery-icon landscape'>\n\t\t\t\t<a data-fancybox=\"colibri-579-c9-group\" href='https:\/\/www.phm-gartenbau.de\/wp-content\/uploads\/2021\/02\/IMG_9389_small-1.png'><img loading=\"lazy\" decoding=\"async\"  width=\"150\" height=\"150\" src=\"https:\/\/www.phm-gartenbau.de\/wp-content\/uploads\/2021\/02\/IMG_9389_small-1-150x150.png\"  class='colibri-579-c9-image' alt=\"\" \/><\/a>\n\t\t\t<\/dt><\/dl><dl class='gallery-item masonry-item'>\n\t\t\t<dt class='gallery-icon landscape'>\n\t\t\t\t<a data-fancybox=\"colibri-579-c9-group\" href='https:\/\/www.phm-gartenbau.de\/wp-content\/uploads\/2021\/02\/IMG_9424_small-1.png'><img loading=\"lazy\" decoding=\"async\"  width=\"150\" height=\"150\" src=\"https:\/\/www.phm-gartenbau.de\/wp-content\/uploads\/2021\/02\/IMG_9424_small-1-150x150.png\"  class='colibri-579-c9-image' alt=\"\" \/><\/a>\n\t\t\t<\/dt><\/dl><dl class='gallery-item masonry-item'>\n\t\t\t<dt class='gallery-icon landscape'>\n\t\t\t\t<a data-fancybox=\"colibri-579-c9-group\" href='https:\/\/www.phm-gartenbau.de\/wp-content\/uploads\/2021\/02\/IMG_9441_small-1.png'><img loading=\"lazy\" decoding=\"async\"  width=\"150\" height=\"150\" src=\"https:\/\/www.phm-gartenbau.de\/wp-content\/uploads\/2021\/02\/IMG_9441_small-1-150x150.png\"  class='colibri-579-c9-image' alt=\"\" \/><\/a>\n\t\t\t<\/dt><\/dl><dl class='gallery-item masonry-item'>\n\t\t\t<dt class='gallery-icon portrait'>\n\t\t\t\t<a data-fancybox=\"colibri-579-c9-group\" href='https:\/\/www.phm-gartenbau.de\/wp-content\/uploads\/2021\/02\/IMG_9450_small.png'><img loading=\"lazy\" decoding=\"async\"  width=\"150\" height=\"150\" src=\"https:\/\/www.phm-gartenbau.de\/wp-content\/uploads\/2021\/02\/IMG_9450_small-150x150.png\"  class='colibri-579-c9-image' alt=\"\" \/><\/a>\n\t\t\t<\/dt><\/dl><dl class='gallery-item masonry-item'>\n\t\t\t<dt class='gallery-icon landscape'>\n\t\t\t\t<a data-fancybox=\"colibri-579-c9-group\" href='https:\/\/www.phm-gartenbau.de\/wp-content\/uploads\/2021\/02\/IMG_9475_small.png'><img loading=\"lazy\" decoding=\"async\"  width=\"150\" height=\"150\" src=\"https:\/\/www.phm-gartenbau.de\/wp-content\/uploads\/2021\/02\/IMG_9475_small-150x150.png\"  class='colibri-579-c9-image' alt=\"\" \/><\/a>\n\t\t\t<\/dt><\/dl><dl class='gallery-item masonry-item'>\n\t\t\t<dt class='gallery-icon landscape'>\n\t\t\t\t<a data-fancybox=\"colibri-579-c9-group\" href='https:\/\/www.phm-gartenbau.de\/wp-content\/uploads\/2021\/02\/IMG_9488_small-1.png'><img loading=\"lazy\" decoding=\"async\"  width=\"150\" height=\"150\" src=\"https:\/\/www.phm-gartenbau.de\/wp-content\/uploads\/2021\/02\/IMG_9488_small-1-150x150.png\"  class='colibri-579-c9-image' alt=\"\" \/><\/a>\n\t\t\t<\/dt><\/dl><dl class='gallery-item masonry-item'>\n\t\t\t<dt class='gallery-icon landscape'>\n\t\t\t\t<a data-fancybox=\"colibri-579-c9-group\" href='https:\/\/www.phm-gartenbau.de\/wp-content\/uploads\/2021\/02\/IMG_9490_small.png'><img loading=\"lazy\" decoding=\"async\"  width=\"150\" height=\"150\" src=\"https:\/\/www.phm-gartenbau.de\/wp-content\/uploads\/2021\/02\/IMG_9490_small-150x150.png\"  class='colibri-579-c9-image' alt=\"\" \/><\/a>\n\t\t\t<\/dt><\/dl><dl class='gallery-item masonry-item'>\n\t\t\t<dt class='gallery-icon landscape'>\n\t\t\t\t<a data-fancybox=\"colibri-579-c9-group\" href='https:\/\/www.phm-gartenbau.de\/wp-content\/uploads\/2021\/02\/IMG_9533_small-1.png'><img loading=\"lazy\" decoding=\"async\"  width=\"150\" height=\"150\" src=\"https:\/\/www.phm-gartenbau.de\/wp-content\/uploads\/2021\/02\/IMG_9533_small-1-150x150.png\"  class='colibri-579-c9-image' alt=\"\" \/><\/a>\n\t\t\t<\/dt><\/dl><dl class='gallery-item masonry-item'>\n\t\t\t<dt class='gallery-icon landscape'>\n\t\t\t\t<a data-fancybox=\"colibri-579-c9-group\" href='https:\/\/www.phm-gartenbau.de\/wp-content\/uploads\/2021\/02\/IMG_9534_small-1.png'><img loading=\"lazy\" decoding=\"async\"  width=\"150\" height=\"150\" src=\"https:\/\/www.phm-gartenbau.de\/wp-content\/uploads\/2021\/02\/IMG_9534_small-1-150x150.png\"  class='colibri-579-c9-image' alt=\"\" \/><\/a>\n\t\t\t<\/dt><\/dl><dl class='gallery-item masonry-item'>\n\t\t\t<dt class='gallery-icon landscape'>\n\t\t\t\t<a data-fancybox=\"colibri-579-c9-group\" href='https:\/\/www.phm-gartenbau.de\/wp-content\/uploads\/2021\/02\/IMG_9536_small.png'><img loading=\"lazy\" decoding=\"async\"  width=\"150\" height=\"150\" src=\"https:\/\/www.phm-gartenbau.de\/wp-content\/uploads\/2021\/02\/IMG_9536_small-150x150.png\"  class='colibri-579-c9-image' alt=\"\" \/><\/a>\n\t\t\t<\/dt><\/dl><dl class='gallery-item masonry-item'>\n\t\t\t<dt class='gallery-icon landscape'>\n\t\t\t\t<a data-fancybox=\"colibri-579-c9-group\" href='https:\/\/www.phm-gartenbau.de\/wp-content\/uploads\/2021\/02\/IMG_9537_small-2.png'><img loading=\"lazy\" decoding=\"async\"  width=\"150\" height=\"150\" src=\"https:\/\/www.phm-gartenbau.de\/wp-content\/uploads\/2021\/02\/IMG_9537_small-2-150x150.png\"  class='colibri-579-c9-image' alt=\"\" \/><\/a>\n\t\t\t<\/dt><\/dl><dl class='gallery-item masonry-item'>\n\t\t\t<dt class='gallery-icon landscape'>\n\t\t\t\t<a data-fancybox=\"colibri-579-c9-group\" href='https:\/\/www.phm-gartenbau.de\/wp-content\/uploads\/2021\/02\/IMG_9542_small-2.png'><img loading=\"lazy\" decoding=\"async\"  width=\"150\" height=\"150\" src=\"https:\/\/www.phm-gartenbau.de\/wp-content\/uploads\/2021\/02\/IMG_9542_small-2-150x150.png\"  class='colibri-579-c9-image' alt=\"\" \/><\/a>\n\t\t\t<\/dt><\/dl><dl class='gallery-item masonry-item'>\n\t\t\t<dt class='gallery-icon landscape'>\n\t\t\t\t<a data-fancybox=\"colibri-579-c9-group\" href='https:\/\/www.phm-gartenbau.de\/wp-content\/uploads\/2021\/02\/IMG_9553_small-2.png'><img loading=\"lazy\" decoding=\"async\"  width=\"150\" height=\"150\" src=\"https:\/\/www.phm-gartenbau.de\/wp-content\/uploads\/2021\/02\/IMG_9553_small-2-150x150.png\"  class='colibri-579-c9-image' alt=\"\" \/><\/a>\n\t\t\t<\/dt><\/dl>\n\t\t\t\n\t\t<\/div>\n<style>#colibri-579-c9 .wp-caption-text.gallery-caption{display:none;}<\/style><\/div><\/div>\n                <\/div>\n              <\/div>\n            <\/div>\n          <\/div>\n        <\/div>\n      <\/div>\n    <\/div>\n  <\/div>\n<\/div>","protected":false},"excerpt":{"rendered":"<p>Pflanz- &amp; Hochbeete &#8230;f\u00fcr Blumen optisch sch\u00f6n oder die Gem\u00fcsetheke hinterm Haus.<\/p>\n","protected":false},"author":1,"featured_media":0,"parent":0,"menu_order":0,"comment_status":"closed","ping_status":"closed","template":"page-templates\/full-width-page.php","meta":{"footnotes":""},"_links":{"self":[{"href":"https:\/\/www.phm-gartenbau.de\/index.php\/wp-json\/wp\/v2\/pages\/579"}],"collection":[{"href":"https:\/\/www.phm-gartenbau.de\/index.php\/wp-json\/wp\/v2\/pages"}],"about":[{"href":"https:\/\/www.phm-gartenbau.de\/index.php\/wp-json\/wp\/v2\/types\/page"}],"author":[{"embeddable":true,"href":"https:\/\/www.phm-gartenbau.de\/index.php\/wp-json\/wp\/v2\/users\/1"}],"replies":[{"embeddable":true,"href":"https:\/\/www.phm-gartenbau.de\/index.php\/wp-json\/wp\/v2\/comments?post=579"}],"version-history":[{"count":4,"href":"https:\/\/www.phm-gartenbau.de\/index.php\/wp-json\/wp\/v2\/pages\/579\/revisions"}],"predecessor-version":[{"id":955,"href":"https:\/\/www.phm-gartenbau.de\/index.php\/wp-json\/wp\/v2\/pages\/579\/revisions\/955"}],"wp:attachment":[{"href":"https:\/\/www.phm-gartenbau.de\/index.php\/wp-json\/wp\/v2\/media?parent=579"}],"curies":[{"name":"wp","href":"https:\/\/api.w.org\/{rel}","templated":true}]}}